{"id":871125311047,"date":"2025-06-19T12:48:53","date_gmt":"2025-06-19T10:48:53","guid":{"rendered":"https:\/\/inforad.net\/?post_type=product&#038;p=871125311047"},"modified":"2025-09-17T11:34:37","modified_gmt":"2025-09-17T09:34:37","slug":"verrou-de-frein-a-disque-pour-moto-avec-cable-de-rappel-cagoule-offerte-de-dunlop","status":"publish","type":"product","link":"https:\/\/inforad.net\/?product=verrou-de-frein-a-disque-pour-moto-avec-cable-de-rappel-cagoule-offerte-de-dunlop","title":{"rendered":"Verrou de frein \u00e0 disque pour moto avec c\u00e2ble de rappel &#8211; Cagoule offerte &#8211; de DUNLOP"},"content":{"rendered":"<p><strong>D\u00e9tails Serrure de frein \u00e0 disque :<\/strong><br \/>\nSerrure de frein \u00e0 disque pour la pr\u00e9vention du vol<br \/>\neasy lock &#8211; syst\u00e8me de verrouillage : une seule main pour actionner un bouton<br \/>\nCorps de serrure et p\u00eane en acier tremp\u00e9<br \/>\n2 cl\u00e9s incluses<br \/>\nUtilisation universelle : Moto, cyclomoteur, scooter, roue, buggy, quad, etc. avec disque de frein perfor\u00e9<br \/>\nLa couleur : Gris ou noir<br \/>\nDimensions de la serrure : environ 65 x 24 x 44 mm (L\/D\/H)<br \/>\nDimensions du cylindre de fermeture : environ \u00d8 15 mm<br \/>\nDimensions goujon\/tige : environ \u00d8 5,5 mm<br \/>\nPoids : environ 95 g, cl\u00e9 comprise<\/p>\n<p><strong>Rappel des d\u00e9tails sur le c\u00e2ble :<\/strong><br \/>\nRappel visuel pour retirer le verrou &#8211; peut \u00eatre facilement fix\u00e9 entre le levier de frein et le verrou du disque de frein<br \/>\nc\u00e2ble \u00e0 ressort l\u00e9ger et r\u00e9tractable pour les travaux lourds<br \/>\nC\u00e2ble m\u00e9moire en fil d&#8217;acier tress\u00e9 et recouvert de plastique pour \u00e9viter d&#8217;endommager la peinture<br \/>\nUne couleur qui attire l&#8217;attention : la dissuasion visuelle des voleurs potentiels<br \/>\nCouleur : jaune (jaune n\u00e9on)<br \/>\nLongueur maximale d&#8217;expansion : environ 150 cm<br \/>\nDimensions, y compris le rev\u00eatement : environ \u00d8 3,2 mm<br \/>\nPoids : environ 40 g<\/p>\n<p><strong>Contenu du paquet :<\/strong><br \/>\nVerrouillage du disque de frein<br \/>\n2 cl\u00e9s<br \/>\nC\u00e2ble de rappel<br \/>\nCagoule offerte<\/p>","protected":false},"excerpt":{"rendered":"<p><strong>Serrure \u00e0 disque de frein DUNLOP avec 2 cl\u00e9s et c\u00e2ble de rappel<\/strong><\/p>\n<p><strong>Cagoule offerte<\/strong><\/p>\n<p>Verrouillage de la cible en gris ou noir avec c\u00e2ble de rappel jaune n\u00e9on<br \/>\nCorps en acier compact et r\u00e9sistant et boulon en acier &#8211; S\u00fbr, petit et pratique !<br \/>\nSerrure avec syst\u00e8me &#8220;easy lock&#8221;, verrouillage sans cl\u00e9 possible, avec pression sur la t\u00eate du p\u00eane.<br \/>\nConvient \u00e0 tous les deux-roues \u00e0 disques de frein perfor\u00e9s tels que les motos, les v\u00e9los, les scooters ou les e-scooters.<\/p>\n<p>Article tr\u00e8s facile \u00e0 utiliser. Ce dispositif antivol fonctionne en bloquant le disque de frein. Le solide boulon est fix\u00e9 au disque de frein et le long c\u00e2ble de rappel peut \u00eatre connect\u00e9 directement au volant, sans oublier que le verrou est toujours mont\u00e9. Cylindre \u00e0 pousser : appuyez sur le cylindre de la serrure, la serrure est verrouill\u00e9e, aucune cl\u00e9 n&#8217;est n\u00e9cessaire. Le cylindre de serrure du disque et la manille en acier offrent une grande s\u00e9curit\u00e9 et une protection suppl\u00e9mentaire contre les outils coupants !<\/p>\n","protected":false},"featured_media":871125311052,"template":"","meta":[],"product_brand":[],"product_cat":[86,132,108],"product_tag":[157,156,159,101,104],"class_list":{"0":"post-871125311047","1":"product","2":"type-product","3":"status-publish","4":"has-post-thumbnail","6":"product_cat-accessories","7":"product_cat-hot","8":"product_cat-non-classe","9":"product_tag-accessoires-velo","10":"product_tag-entretien-de-la-voiture-nettoyage","11":"product_tag-speedcam-promo","12":"product_tag-3pp","13":"product_tag-promo","15":"first","16":"instock","17":"sale","18":"featured","19":"taxable","20":"shipping-taxable","21":"purchasable","22":"product-type-variable"},"_links":{"self":[{"href":"https:\/\/inforad.net\/index.php?rest_route=\/wp\/v2\/product\/871125311047","targetHints":{"allow":["GET"]}}],"collection":[{"href":"https:\/\/inforad.net\/index.php?rest_route=\/wp\/v2\/product"}],"about":[{"href":"https:\/\/inforad.net\/index.php?rest_route=\/wp\/v2\/types\/product"}],"wp:featuredmedia":[{"embeddable":true,"href":"https:\/\/inforad.net\/index.php?rest_route=\/wp\/v2\/media\/871125311052"}],"wp:attachment":[{"href":"https:\/\/inforad.net\/index.php?rest_route=%2Fwp%2Fv2%2Fmedia&parent=871125311047"}],"wp:term":[{"taxonomy":"product_brand","embeddable":true,"href":"https:\/\/inforad.net\/index.php?rest_route=%2Fwp%2Fv2%2Fproduct_brand&post=871125311047"},{"taxonomy":"product_cat","embeddable":true,"href":"https:\/\/inforad.net\/index.php?rest_route=%2Fwp%2Fv2%2Fproduct_cat&post=871125311047"},{"taxonomy":"product_tag","embeddable":true,"href":"https:\/\/inforad.net\/index.php?rest_route=%2Fwp%2Fv2%2Fproduct_tag&post=871125311047"}],"curies":[{"name":"wp","href":"https:\/\/api.w.org\/{rel}","templated":true}]}}