{"id":871125311085,"date":"2025-07-18T15:33:31","date_gmt":"2025-07-18T13:33:31","guid":{"rendered":"https:\/\/inforad.net\/?post_type=product&#038;p=871125311085"},"modified":"2026-04-05T12:18:53","modified_gmt":"2026-04-05T10:18:53","slug":"detecteur-de-fumee","status":"publish","type":"product","link":"https:\/\/inforad.net\/?product=detecteur-de-fumee","title":{"rendered":"D\u00e9tecteur de fum\u00e9e"},"content":{"rendered":"<p>Une alarme \u00e0 ne manquer ni \u00e0 la maison, ni au bureau.<\/p>\n<p>Il s&#8217;allume automatiquement lorsqu&#8217;il d\u00e9tecte de la fum\u00e9e.<\/p>\n<p>En cas d&#8217;alarme, il y a une indication sonore et visuelle. Un son acoustique de 90 dB provenant de la sir\u00e8ne interne se fait entendre et le voyant clignote.<\/p>\n<p>Installation facile<\/p>\n<p>Volume: 80dB<\/p>\n<p>R\u00e9duisez le risque d&#8217;incendie dans votre maison gr\u00e2ce \u00e0 ce d\u00e9tecteur de fum\u00e9e .Le d\u00e9tecteur de fum\u00e9e \u00e9met un signal sonore lorsqu&#8217;un incendie se d\u00e9clare, de sorte que vous \u00eates imm\u00e9diatement alert\u00e9 et pouvez prendre des mesures. Placez le d\u00e9tecteur de fum\u00e9e dans une pi\u00e8ce de 20 \u00e0 40 m\u00e8tres carr\u00e9s.<\/p>\n<p><strong>Caract\u00e9ristiques :<\/strong><\/p>\n<ul>\n<li>Pour les pi\u00e8ces de 20 &#8211; 40 m\u00e8tres carr\u00e9s<\/li>\n<li>Diam\u00e8tre de 10 cm<\/li>\n<li>Signal sonore de 80dB<\/li>\n<\/ul>\n<p><\/p>","protected":false},"excerpt":{"rendered":"<p>La fum\u00e9e peut souvent se propager loin dans une maison avant qu&#8217;on s&#8217;en rende compte. Avec ce d\u00e9tecteur de fum\u00e9e, vous \u00e9vitez d&#8217;\u00eatre soudainement confront\u00e9 \u00e0 une maison pleine de fum\u00e9e et d&#8217;\u00eatre averti \u00e0 temps d\u00e8s que les choses tournent mal.<\/p>\n<p>D\u00e9tecteur de fum\u00e9e <\/p>\n<ul>\n<li>Pour les pi\u00e8ces de 20 \u00e0 40 m\u00e8tres carr\u00e9s<\/li>\n<li>Diam\u00e8tre de 10 cm<\/li>\n<li>Signal sonore de 85 dB-100dB<\/li>\n<li>Poids : 0,2 kg<\/li>\n<\/ul>\n","protected":false},"featured_media":871125311086,"template":"","meta":[],"product_brand":[],"product_cat":[132,108],"product_tag":[153,152,101,104],"class_list":{"0":"post-871125311085","1":"product","2":"type-product","3":"status-publish","4":"has-post-thumbnail","6":"product_cat-hot","7":"product_cat-non-classe","8":"product_tag-detecteurs-de-fumee-carbone","9":"product_tag-electromenager","10":"product_tag-3pp","11":"product_tag-promo","12":"product_shipping_class-gls-only","14":"first","15":"instock","16":"sale","17":"taxable","18":"shipping-taxable","19":"purchasable","20":"product-type-simple"},"_links":{"self":[{"href":"https:\/\/inforad.net\/index.php?rest_route=\/wp\/v2\/product\/871125311085","targetHints":{"allow":["GET"]}}],"collection":[{"href":"https:\/\/inforad.net\/index.php?rest_route=\/wp\/v2\/product"}],"about":[{"href":"https:\/\/inforad.net\/index.php?rest_route=\/wp\/v2\/types\/product"}],"wp:featuredmedia":[{"embeddable":true,"href":"https:\/\/inforad.net\/index.php?rest_route=\/wp\/v2\/media\/871125311086"}],"wp:attachment":[{"href":"https:\/\/inforad.net\/index.php?rest_route=%2Fwp%2Fv2%2Fmedia&parent=871125311085"}],"wp:term":[{"taxonomy":"product_brand","embeddable":true,"href":"https:\/\/inforad.net\/index.php?rest_route=%2Fwp%2Fv2%2Fproduct_brand&post=871125311085"},{"taxonomy":"product_cat","embeddable":true,"href":"https:\/\/inforad.net\/index.php?rest_route=%2Fwp%2Fv2%2Fproduct_cat&post=871125311085"},{"taxonomy":"product_tag","embeddable":true,"href":"https:\/\/inforad.net\/index.php?rest_route=%2Fwp%2Fv2%2Fproduct_tag&post=871125311085"}],"curies":[{"name":"wp","href":"https:\/\/api.w.org\/{rel}","templated":true}]}}