{"id":871125311119,"date":"2025-07-25T12:26:04","date_gmt":"2025-07-25T10:26:04","guid":{"rendered":"https:\/\/inforad.net\/?post_type=product&#038;p=871125311119"},"modified":"2025-07-25T12:26:04","modified_gmt":"2025-07-25T10:26:04","slug":"sacoche-de-selle-dunlop-pour-velo-1-litre-bleu-ou-noir","status":"publish","type":"product","link":"https:\/\/inforad.net\/?product=sacoche-de-selle-dunlop-pour-velo-1-litre-bleu-ou-noir","title":{"rendered":"Sacoche de selle Dunlop pour v\u00e9lo, 1 litre, bleu ou noir"},"content":{"rendered":"<p>Cette sacoche est id\u00e9ale \u00e0 emporter lors de longues promenades \u00e0 v\u00e9lo. Attachez-la \u00e0 votre selle et vous aurez ainsi toujours vos objets de valeur \u00e0 port\u00e9e de main ! La sacoche est dot\u00e9e d&#8217;une bande r\u00e9fl\u00e9chissante, de sorte que vous \u00eates toujours visible dans l&#8217;obscurit\u00e9.<\/p>\n<p>Sp\u00e9cifications :<\/p>\n<ul>\n<li>Couleur : bleu \/ noir<\/li>\n<li>Genre : unisexe<\/li>\n<li>Mat\u00e9riau : nylon<\/li>\n<li>Type de fermeture : \u00e0 glissi\u00e8re<\/li>\n<li>Fixation : Velcro<\/li>\n<li>Convient aux v\u00e9los \u00e9lectriques : oui<\/li>\n<li>Contenu : 1 litre<\/li>\n<li>Dimensions : 21 x 9 x 7 cm (L x l x h)<\/li>\n<li>R\u00e9flexion : oui<\/li>\n<li>R\u00e9sistant \u00e0 l&#8217;eau : hydrofuge<\/li>\n<\/ul>\n<p><\/p>","protected":false},"excerpt":{"rendered":"<p>Sacoche Dunlop 1 Litre Bleu\/Noir<\/p>\n<p>Sacoche de selle r\u00e9sistante \u00e0 l&#8217;eau Dunlop &#8211; 1 litre<\nCouleur - Bleu ou noir<\nAvec bandes r\u00e9fl\u00e9chissantes pour une utilisation plus s\u00fbre la nuit\nFermeture \u00e0 glissi\u00e8re et fixation Velcro\nFacile \u00e0 installer et \u00e0 utiliser\n<\/p>\n","protected":false},"featured_media":871125311122,"template":"","meta":[],"product_brand":[],"product_cat":[108],"product_tag":[157,101,149,104],"class_list":{"0":"post-871125311119","1":"product","2":"type-product","3":"status-publish","4":"has-post-thumbnail","6":"product_cat-non-classe","7":"product_tag-accessoires-velo","8":"product_tag-3pp","9":"product_tag-bicycle","10":"product_tag-promo","12":"first","13":"instock","14":"sale","15":"taxable","16":"shipping-taxable","17":"purchasable","18":"product-type-variable"},"_links":{"self":[{"href":"https:\/\/inforad.net\/index.php?rest_route=\/wp\/v2\/product\/871125311119","targetHints":{"allow":["GET"]}}],"collection":[{"href":"https:\/\/inforad.net\/index.php?rest_route=\/wp\/v2\/product"}],"about":[{"href":"https:\/\/inforad.net\/index.php?rest_route=\/wp\/v2\/types\/product"}],"wp:featuredmedia":[{"embeddable":true,"href":"https:\/\/inforad.net\/index.php?rest_route=\/wp\/v2\/media\/871125311122"}],"wp:attachment":[{"href":"https:\/\/inforad.net\/index.php?rest_route=%2Fwp%2Fv2%2Fmedia&parent=871125311119"}],"wp:term":[{"taxonomy":"product_brand","embeddable":true,"href":"https:\/\/inforad.net\/index.php?rest_route=%2Fwp%2Fv2%2Fproduct_brand&post=871125311119"},{"taxonomy":"product_cat","embeddable":true,"href":"https:\/\/inforad.net\/index.php?rest_route=%2Fwp%2Fv2%2Fproduct_cat&post=871125311119"},{"taxonomy":"product_tag","embeddable":true,"href":"https:\/\/inforad.net\/index.php?rest_route=%2Fwp%2Fv2%2Fproduct_tag&post=871125311119"}],"curies":[{"name":"wp","href":"https:\/\/api.w.org\/{rel}","templated":true}]}}