{"id":871125311323,"date":"2025-12-02T11:27:44","date_gmt":"2025-12-02T10:27:44","guid":{"rendered":"https:\/\/inforad.net\/?post_type=product&#038;p=871125311323"},"modified":"2026-05-04T09:45:34","modified_gmt":"2026-05-04T07:45:34","slug":"enceinte-bluetooth-zenlogic","status":"publish","type":"product","link":"https:\/\/inforad.net\/?product=enceinte-bluetooth-zenlogic","title":{"rendered":"Enceinte Bluetooth Zenlogic"},"content":{"rendered":"<p>Zen Logic &#8211; Haut-parleur Bluetooth portable avec son haute d\u00e9finition et basses et port\u00e9e sans fil de 10 m\u00e8tres. Caract\u00e9ristiques Appairage de l&#8217;appareil et 4 heures d&#8217;autonomie en charge automatique, comprend \u00e9galement une fonction mains libres. Coque en caoutchouc haute r\u00e9sistance pour une meilleure r\u00e9sistance. Power Bank de 2600 mAh en bonus inclus pour recharger en d\u00e9placement ou pour recharger d&#8217;autres appareils. Alimentation via c\u00e2ble de charge inclus Batterie Li-ion rechargeable incluse. Prise en charge Bluetooth V2. 1 avec entr\u00e9e audio haute d\u00e9finition Basses puissantes Coque en caoutchouc r\u00e9sistant aux chocs Fente pour carte radio FM de 3,5 mm pour jusqu&#8217;\u00e0 4 heures d&#8217;autonomie en lecture 120 heures en veille Indicateur TF\/Mini LED Bouton Office Office Port\u00e9e sans fil : 10 m\u00e8tres Prise en charge du contr\u00f4le automatique du volume num\u00e9rique Port micro USB pour charger la batterie CC Alimentation : Batterie lithium-ion rechargeable int\u00e9gr\u00e9e Coffret cadeau comprenant : 1 x appareil Bluetooth portable, 1 x c\u00e2ble micro USB vers USB, 1 x clip d&#8217;alpinisme, 1 x c\u00e2ble dongle (pour accrocher), 1 Power Bank 2600 mAh en bonus<br \/>\n<\/p>","protected":false},"excerpt":{"rendered":"<p>Zen Logic<\/strong> &#8211; Haut-parleur Bluetooth portable avec son haute d\u00e9finition et basses et port\u00e9e sans fil de 10 m\u00e8tres. Caract\u00e9ristiques Appairage de l&#8217;appareil et 4 heures d&#8217;autonomie en charge automatique, comprend \u00e9galement une fonction mains libres. Coque en caoutchouc haute r\u00e9sistance pour une meilleure r\u00e9sistance. Power Bank de 2600 mAh en bonus inclus pour recharger en d\u00e9placement ou pour recharger d&#8217;autres appareils. Alimentation via c\u00e2ble de charge inclus Batterie Li-ion rechargeable incluse. Prise en charge Bluetooth V2. 1 avec entr\u00e9e audio haute d\u00e9finition Basses puissantes Coque en caoutchouc r\u00e9sistant aux chocs Fente pour carte radio FM de 3,5 mm pour jusqu&#8217;\u00e0 4 heures d&#8217;autonomie en lecture 120 heures en veille Indicateur TF\/Mini LED Bouton Office Office Port\u00e9e sans fil : 10 m\u00e8tres Prise en charge du contr\u00f4le automatique du volume num\u00e9rique Port micro USB pour charger la batterie CC Alimentation : Batterie lithium-ion rechargeable int\u00e9gr\u00e9e Coffret cadeau comprenant : 1 x appareil Bluetooth portable, 1 x c\u00e2ble micro USB vers USB, 1 x clip d&#8217;alpinisme, 1 x c\u00e2ble dongle (pour accrocher), 1 Power Bank 2600 mAh en bonus<\/p>\n","protected":false},"featured_media":871125310961,"template":"","meta":[],"product_brand":[],"product_cat":[86,84,132,108,107],"product_tag":[161,159,90,104],"class_list":{"0":"post-871125311323","1":"product","2":"type-product","3":"status-publish","4":"has-post-thumbnail","6":"product_cat-accessories","7":"product_cat-speedcam-locators","8":"product_cat-hot","9":"product_cat-non-classe","10":"product_cat-uncategorized","11":"product_tag-inforad-promo","12":"product_tag-speedcam-promo","13":"product_tag-inforad","14":"product_tag-promo","15":"product_shipping_class-gls-only","17":"first","18":"instock","19":"sale","20":"featured","21":"taxable","22":"shipping-taxable","23":"purchasable","24":"product-type-simple"},"_links":{"self":[{"href":"https:\/\/inforad.net\/index.php?rest_route=\/wp\/v2\/product\/871125311323","targetHints":{"allow":["GET"]}}],"collection":[{"href":"https:\/\/inforad.net\/index.php?rest_route=\/wp\/v2\/product"}],"about":[{"href":"https:\/\/inforad.net\/index.php?rest_route=\/wp\/v2\/types\/product"}],"wp:featuredmedia":[{"embeddable":true,"href":"https:\/\/inforad.net\/index.php?rest_route=\/wp\/v2\/media\/871125310961"}],"wp:attachment":[{"href":"https:\/\/inforad.net\/index.php?rest_route=%2Fwp%2Fv2%2Fmedia&parent=871125311323"}],"wp:term":[{"taxonomy":"product_brand","embeddable":true,"href":"https:\/\/inforad.net\/index.php?rest_route=%2Fwp%2Fv2%2Fproduct_brand&post=871125311323"},{"taxonomy":"product_cat","embeddable":true,"href":"https:\/\/inforad.net\/index.php?rest_route=%2Fwp%2Fv2%2Fproduct_cat&post=871125311323"},{"taxonomy":"product_tag","embeddable":true,"href":"https:\/\/inforad.net\/index.php?rest_route=%2Fwp%2Fv2%2Fproduct_tag&post=871125311323"}],"curies":[{"name":"wp","href":"https:\/\/api.w.org\/{rel}","templated":true}]}}