{"id":871125311326,"date":"2025-12-04T11:39:41","date_gmt":"2025-12-04T10:39:41","guid":{"rendered":"https:\/\/inforad.net\/?post_type=product&#038;p=871125311326"},"modified":"2025-12-04T11:42:43","modified_gmt":"2025-12-04T10:42:43","slug":"chargeur-secteur-usb-2","status":"publish","type":"product","link":"https:\/\/inforad.net\/?product=chargeur-secteur-usb-2","title":{"rendered":"Chargeur secteur USB"},"content":{"rendered":"<p><\/p>\n<p class=\"AccTitle\"><strong>Pour: Tous produits<\/strong><\/p>\n<p class=\"AccDetail\">Cet adaptateur secteur USB permet de recharger tous les produits INFORAD dot\u00e9s d&#8217;une batterie \u00e0 la maison ou au bureau. Il peut aussi \u00eatre utilis\u00e9 pour alimenter des \u00e9quipements USB dont le courant n\u00e9cessaire est inf\u00e9rieur \u00e0 500 mA<\/p>\n<p><\/p>","protected":false},"excerpt":{"rendered":"<p class=\"AccTitle\"><strong>Pour: Tous produits<\/strong><\/p>\n<p class=\"AccDetail\">Cet adaptateur secteur USB permet de recharger tous les produits INFORAD dot\u00e9s d&#8217;une batterie \u00e0 la maison ou au bureau. Il peut aussi \u00eatre utilis\u00e9 pour alimenter des \u00e9quipements USB dont le courant n\u00e9cessaire est inf\u00e9rieur \u00e0 500 mA<\/p>\n","protected":false},"featured_media":18142,"template":"","meta":[],"product_brand":[],"product_cat":[86,84,132,108,107],"product_tag":[161,159,90,104],"class_list":{"0":"post-871125311326","1":"product","2":"type-product","3":"status-publish","4":"has-post-thumbnail","6":"product_cat-accessories","7":"product_cat-speedcam-locators","8":"product_cat-hot","9":"product_cat-non-classe","10":"product_cat-uncategorized","11":"product_tag-inforad-promo","12":"product_tag-speedcam-promo","13":"product_tag-inforad","14":"product_tag-promo","15":"product_shipping_class-gls-only","17":"first","18":"instock","19":"sale","20":"featured","21":"taxable","22":"shipping-taxable","23":"purchasable","24":"product-type-simple"},"_links":{"self":[{"href":"https:\/\/inforad.net\/index.php?rest_route=\/wp\/v2\/product\/871125311326","targetHints":{"allow":["GET"]}}],"collection":[{"href":"https:\/\/inforad.net\/index.php?rest_route=\/wp\/v2\/product"}],"about":[{"href":"https:\/\/inforad.net\/index.php?rest_route=\/wp\/v2\/types\/product"}],"wp:featuredmedia":[{"embeddable":true,"href":"https:\/\/inforad.net\/index.php?rest_route=\/wp\/v2\/media\/18142"}],"wp:attachment":[{"href":"https:\/\/inforad.net\/index.php?rest_route=%2Fwp%2Fv2%2Fmedia&parent=871125311326"}],"wp:term":[{"taxonomy":"product_brand","embeddable":true,"href":"https:\/\/inforad.net\/index.php?rest_route=%2Fwp%2Fv2%2Fproduct_brand&post=871125311326"},{"taxonomy":"product_cat","embeddable":true,"href":"https:\/\/inforad.net\/index.php?rest_route=%2Fwp%2Fv2%2Fproduct_cat&post=871125311326"},{"taxonomy":"product_tag","embeddable":true,"href":"https:\/\/inforad.net\/index.php?rest_route=%2Fwp%2Fv2%2Fproduct_tag&post=871125311326"}],"curies":[{"name":"wp","href":"https:\/\/api.w.org\/{rel}","templated":true}]}}