{"id":871125311432,"date":"2026-02-20T16:15:07","date_gmt":"2026-02-20T15:15:07","guid":{"rendered":"https:\/\/inforad.net\/?post_type=product&#038;p=871125311432"},"modified":"2026-02-20T16:17:38","modified_gmt":"2026-02-20T15:17:38","slug":"outil-multifonctionnel-pour-voiture-velo-et-maison-de-dunlop","status":"publish","type":"product","link":"https:\/\/inforad.net\/?product=outil-multifonctionnel-pour-voiture-velo-et-maison-de-dunlop","title":{"rendered":"Outil multifonctionnel pour voiture, v\u00e9lo et maison de Dunlop"},"content":{"rendered":"<p>15 fonctions dans un seul outil<br \/>\nCompact et facile \u00e0 transporter<br \/>\nParfait pour les r\u00e9parations rapides lors de vos d\u00e9placements<br \/>\nComprend des cl\u00e9s hexagonales, des tournevis, une cl\u00e9 \u00e0 rayons et plus encore<br \/>\nId\u00e9al \u00e0 emporter en voyage<br \/>\nMat\u00e9riau r\u00e9sistant et durable<br \/>\nUn outil indispensable pour tous les cyclistes, automobilistes et bricoleurs<br \/>\nPochette de transport gratuite incluse<br \/>\n<\/p>","protected":false},"excerpt":{"rendered":"<p>15 fonctions dans un seul outil<br \/>\nCompact et facile \u00e0 transporter<br \/>\nParfait pour les r\u00e9parations rapides lors de vos d\u00e9placements<br \/>\nComprend des cl\u00e9s hexagonales, des tournevis, une cl\u00e9 \u00e0 rayons et plus encore<br \/>\nId\u00e9al \u00e0 emporter en voyage<br \/>\nMat\u00e9riau r\u00e9sistant et durable<br \/>\nUn outil indispensable pour tous les cyclistes, automobilistes et bricoleurs<br \/>\nPochette de transport gratuite incluse<\/p>\n","protected":false},"featured_media":871125311431,"template":"","meta":[],"product_brand":[],"product_cat":[86],"product_tag":[157,156,101,104],"class_list":{"0":"post-871125311432","1":"product","2":"type-product","3":"status-publish","4":"has-post-thumbnail","6":"product_cat-accessories","7":"product_tag-accessoires-velo","8":"product_tag-entretien-de-la-voiture-nettoyage","9":"product_tag-3pp","10":"product_tag-promo","11":"product_shipping_class-gls-only","13":"first","14":"instock","15":"sale","16":"taxable","17":"shipping-taxable","18":"purchasable","19":"product-type-simple"},"_links":{"self":[{"href":"https:\/\/inforad.net\/index.php?rest_route=\/wp\/v2\/product\/871125311432","targetHints":{"allow":["GET"]}}],"collection":[{"href":"https:\/\/inforad.net\/index.php?rest_route=\/wp\/v2\/product"}],"about":[{"href":"https:\/\/inforad.net\/index.php?rest_route=\/wp\/v2\/types\/product"}],"wp:featuredmedia":[{"embeddable":true,"href":"https:\/\/inforad.net\/index.php?rest_route=\/wp\/v2\/media\/871125311431"}],"wp:attachment":[{"href":"https:\/\/inforad.net\/index.php?rest_route=%2Fwp%2Fv2%2Fmedia&parent=871125311432"}],"wp:term":[{"taxonomy":"product_brand","embeddable":true,"href":"https:\/\/inforad.net\/index.php?rest_route=%2Fwp%2Fv2%2Fproduct_brand&post=871125311432"},{"taxonomy":"product_cat","embeddable":true,"href":"https:\/\/inforad.net\/index.php?rest_route=%2Fwp%2Fv2%2Fproduct_cat&post=871125311432"},{"taxonomy":"product_tag","embeddable":true,"href":"https:\/\/inforad.net\/index.php?rest_route=%2Fwp%2Fv2%2Fproduct_tag&post=871125311432"}],"curies":[{"name":"wp","href":"https:\/\/api.w.org\/{rel}","templated":true}]}}